{"id":630,"date":"2017-06-16T12:37:13","date_gmt":"2017-06-16T12:37:13","guid":{"rendered":"http:\/\/stockholm21.select-themes.com\/?page_id=4"},"modified":"2024-10-07T12:21:51","modified_gmt":"2024-10-07T09:21:51","slug":"architecture-home","status":"publish","type":"page","link":"https:\/\/aksoymuhendislikinsaat.com\/","title":{"rendered":"Ana Sayfa"},"content":{"rendered":"<div class=\"wpb-content-wrapper\"><p>[vc_row row_type=&#8221;row&#8221; use_row_as_full_screen_section=&#8221;no&#8221; type=&#8221;grid&#8221; text_align=&#8221;left&#8221; background_animation=&#8221;none&#8221; css_animation=&#8221;&#8221; css=&#8221;.vc_custom_1497885005411{padding-top: 102px !important;}&#8221;][vc_column width=&#8221;7\/12&#8243;][vc_single_image image=&#8221;27&#8243; img_size=&#8221;full&#8221; qode_css_animation=&#8221;element_from_left&#8221;][\/vc_column][vc_column width=&#8221;5\/12&#8243;][\/vc_column][\/vc_row][vc_row row_type=&#8221;row&#8221; use_row_as_full_screen_section=&#8221;no&#8221; type=&#8221;grid&#8221; text_align=&#8221;left&#8221; background_animation=&#8221;none&#8221; css_animation=&#8221;&#8221;][vc_column width=&#8221;1\/4&#8243;][\/vc_column][vc_column width=&#8221;3\/4&#8243; css=&#8221;.vc_custom_1497949709810{margin-top: -28% !important;padding-right: 0px !important;padding-left: 0px !important;}&#8221;][\/vc_column][\/vc_row][vc_row row_type=&#8221;row&#8221; use_row_as_full_screen_section=&#8221;no&#8221; type=&#8221;grid&#8221; text_align=&#8221;left&#8221; background_animation=&#8221;none&#8221; css_animation=&#8221;element_from_right&#8221; css=&#8221;.vc_custom_1499086501784{padding-bottom: 3.8% !important;}&#8221;][vc_column css=&#8221;.vc_custom_1497885350244{margin-top: -3% !important;}&#8221;][qode_elements_holder number_of_columns=&#8221;one_column&#8221;][qode_elements_holder_item item_padding=&#8221;5% 0% 0% 0%&#8221;][vc_column_text]<\/p>\n<h2>Aksoy M\u00fchendislik<\/h2>\n<p>[\/vc_column_text][vc_empty_space height=&#8221;20px&#8221;][vc_column_text css=&#8221;.vc_custom_1527430982498{padding-right: 9% !important;}&#8221;]\u0130\u015fbirli\u011fi, bizim i\u00e7in yol g\u00f6sterici bir g\u00fc\u00e7t\u00fcr. \u00c7\u00fcnk\u00fc iyi sonu\u00e7lara ula\u015fmak i\u00e7in m\u00fc\u015fterilerimizle s\u00fcrekli devam eden bir diyalog kurulmas\u0131 gerekti\u011fine inanmaktay\u0131z. M\u00fc\u015fterilerimizi, \u00e7al\u0131\u015fma arkada\u015f\u0131 olarak g\u00f6r\u00fcyor, birlikte\u00a0her projeye benzersiz bir meydan okuma ile yakla\u015f\u0131yoruz.<\/p>\n<p>Biz kendi projelerimizin yan\u0131nda, di\u011fer mimarl\u0131k ofislerine de partner olarak destek vermekteyiz. Projeleri h\u0131zl\u0131 ve nitelikli \u00fcretmemizden dolay\u0131 \u00f6zellikle ki\u015fi say\u0131s\u0131 y\u00fcksek ofislerle proje bazl\u0131 ortakl\u0131klar kurabiliyor, onlarla birlikte proje s\u00fcrecini y\u00f6netebiliyoruz.[\/vc_column_text][vc_empty_space height=&#8221;41px&#8221;]<a href=\"http:\/\/aksoymuhendislikinsaat.com\/\" target=\"_self\"  class=\"qbutton  display_dash\" style=\"\">DETAYLAR<\/a>[\/qode_elements_holder_item][\/qode_elements_holder][vc_empty_space height=&#8221;100px&#8221;][\/vc_column][\/vc_row][vc_row row_type=&#8221;row&#8221; use_row_as_full_screen_section=&#8221;no&#8221; type=&#8221;full_width&#8221; text_align=&#8221;left&#8221; background_animation=&#8221;none&#8221; css_animation=&#8221;&#8221;][vc_column]\t<div class=\"qode-centered-portfolio-carousel qode-owl-slider\" data-enable-center=\"yes\" data-slider-padding=\"yes\" data-slider-margin=\"38\" data-number-of-items=\"1\">\n\t\t\t\t\t\t\t\t\t<div class=\"qode-cpc-post\">\n\t\t\t\t\t\t\t\t\t\t\t<div class=\"qode-cpc-post-image\">\n\t\t\t\t\t\t\t<a href=\"https:\/\/aksoymuhendislikinsaat.com\/?portfolio_page=cattavilla-premium\" itemprop=\"url\">\n\t\t\t\t\t\t\t\t<span class=\"qode-cpc-overlay\"><\/span>\n\t\t\t\t\t\t\t\t<img fetchpriority=\"high\" decoding=\"async\" width=\"1024\" height=\"576\" src=\"https:\/\/aksoymuhendislikinsaat.com\/wp-content\/uploads\/2021\/05\/CattaVillaNew-13.jpg\" class=\"attachment-full size-full wp-post-image\" alt=\"\" srcset=\"https:\/\/aksoymuhendislikinsaat.com\/wp-content\/uploads\/2021\/05\/CattaVillaNew-13.jpg 1024w, https:\/\/aksoymuhendislikinsaat.com\/wp-content\/uploads\/2021\/05\/CattaVillaNew-13-300x169.jpg 300w, https:\/\/aksoymuhendislikinsaat.com\/wp-content\/uploads\/2021\/05\/CattaVillaNew-13-768x432.jpg 768w, https:\/\/aksoymuhendislikinsaat.com\/wp-content\/uploads\/2021\/05\/CattaVillaNew-13-700x394.jpg 700w\" sizes=\"(max-width: 1024px) 100vw, 1024px\" \/>\t\t\t\t\t\t\t<\/a>\n\t\t\t\t\t\t<\/div>\n\t\t\t\t\t\t\t\t\t<\/div>\n\t\t\t\t\t\t\t\t\t<div class=\"qode-cpc-post\">\n\t\t\t\t\t\t\t\t\t\t\t<div class=\"qode-cpc-post-image\">\n\t\t\t\t\t\t\t<a href=\"https:\/\/aksoymuhendislikinsaat.com\/?portfolio_page=sobramesa\" itemprop=\"url\">\n\t\t\t\t\t\t\t\t<span class=\"qode-cpc-overlay\"><\/span>\n\t\t\t\t\t\t\t\t<img decoding=\"async\" width=\"1600\" height=\"900\" src=\"https:\/\/aksoymuhendislikinsaat.com\/wp-content\/uploads\/2021\/10\/aksoy-4.jpeg\" class=\"attachment-full size-full wp-post-image\" alt=\"\" srcset=\"https:\/\/aksoymuhendislikinsaat.com\/wp-content\/uploads\/2021\/10\/aksoy-4.jpeg 1600w, https:\/\/aksoymuhendislikinsaat.com\/wp-content\/uploads\/2021\/10\/aksoy-4-300x169.jpeg 300w, https:\/\/aksoymuhendislikinsaat.com\/wp-content\/uploads\/2021\/10\/aksoy-4-768x432.jpeg 768w, https:\/\/aksoymuhendislikinsaat.com\/wp-content\/uploads\/2021\/10\/aksoy-4-1024x576.jpeg 1024w, https:\/\/aksoymuhendislikinsaat.com\/wp-content\/uploads\/2021\/10\/aksoy-4-700x394.jpeg 700w, https:\/\/aksoymuhendislikinsaat.com\/wp-content\/uploads\/2021\/10\/aksoy-4-1100x619.jpeg 1100w\" sizes=\"(max-width: 1600px) 100vw, 1600px\" \/>\t\t\t\t\t\t\t<\/a>\n\t\t\t\t\t\t<\/div>\n\t\t\t\t\t\t\t\t\t<\/div>\n\t\t\t<\/div>\n[\/vc_column][\/vc_row][vc_row row_type=&#8221;row&#8221; use_row_as_full_screen_section=&#8221;no&#8221; type=&#8221;full_width&#8221; text_align=&#8221;left&#8221; background_animation=&#8221;none&#8221; css_animation=&#8221;&#8221; css=&#8221;.vc_custom_1500017252595{padding-top: 8% !important;padding-bottom: 5.5% !important;}&#8221;][vc_column]<div class=\"qode-image-with-overlapping-info\">\n\t\t<div class=\"qode-iwoi-image-holder\">\n\t\t<img decoding=\"async\" src=\"https:\/\/aksoymuhendislikinsaat.com\/wp-content\/uploads\/2017\/06\/home-img-3.jpg\" alt=\"Neden Aksoy Mimarl\u0131k ?\" \/>\n\t<\/div>\n\t\t<div class=\"qode-iwoi-info-holder\">\n\t\t\t<h3 class=\"qode-iwoi-title\">\n\t\t\t\tNeden Aksoy Mimarl\u0131k ?\t\t\t<\/h3>\n\t\t\t\t\t\t\t<p class = \"qode-iwoi-text\"> Di\u011fer tasar\u0131m ofislerinden fark\u0131m\u0131z; tasar\u0131m hizmeti ile birlikte projeyi \u00fcretim ve i\u015fleyi\u015f bi\u00e7iminden ele alarak y\u00f6netiyoruz. Fizibilite \u00e7al\u0131\u015fmalar\u0131, tasar\u0131m y\u00f6netim planlamas\u0131, ihale s\u00fcre\u00e7leri ve s\u00f6zle\u015fme hizmeti ile birlikte projeleri b\u00fct\u00fcn\u00fcyle irdeledi\u011fimiz i\u00e7in tercih edilmekteyiz.<\/p>\n\t\t\t\t\t\t<a href=\"http:\/\/aksoymuhendislikinsaat.com\/?page_id=117\" target=\"_self\"  class=\"qbutton  qode-iwoi-link display_dash\" style=\"\">\u0130LET\u0130\u015e\u0130M<\/a>\t<\/div>\n<\/div>[vc_empty_space height=&#8221;100px&#8221;][\/vc_column][\/vc_row][vc_row row_type=&#8221;row&#8221; use_row_as_full_screen_section=&#8221;no&#8221; type=&#8221;grid&#8221; text_align=&#8221;left&#8221; background_animation=&#8221;none&#8221; css_animation=&#8221;&#8221; css=&#8221;.vc_custom_1500017259466{padding-bottom: 6.5% !important;}&#8221;][vc_column]<div class=\"qode-simple-blog-list qode-sbl-3-columns qode-sbl-animated\">\n\t\t\t<div class=\"qode-sbl-posts-holder clearfix\">\n\t\t<div class=\"qode-sbl-posts\">\n\t\t\t\t\t\t\t\t\t\t\t\t<div class=\"qode-sbl-post\">\n\t\t\t\t\t\t<div class=\"qode-sbl-post-text\">\n\t\t\t\t\t\t\t<h6 class=\"qode-sbl-category\"><a href=\"https:\/\/aksoymuhendislikinsaat.com\/?cat=16\" rel=\"category\">Design<\/a><\/h6>\n\t\t\t\t\t\t\t<h4 class=\"qode-sbl-post-title entry_title\" itemprop=\"name\">\n\t\t\t\t\t\t\t\t<a href=\"https:\/\/aksoymuhendislikinsaat.com\/?p=102\" itemprop=\"url\">Tasar\u0131m K\u00f6y\u00fc  A\u00e7\u0131ld\u0131<\/a>\n\t\t\t\t\t\t\t<\/h4>\n\t\t\t\t\t\t\t\t\t\t\t\t\t\t<p itemprop=\"description\" class = \"qode-sbl-post-excerpt\"> 2015 ve 2016 y\u0131llar\u0131nda Seferihisar\u0131'\u0131n D\u00fczce ve Turgut k\u00f6yleri'nde ger\u00e7ekle\u015ftirilen toplam 27 at\u00f6lyenin sonu\u00e7...<\/p>\n\t\t\t\t\t\t\t<a href=\"https:\/\/aksoymuhendislikinsaat.com\/?p=102\" target=\"_self\"  class=\"qbutton   display_dash\" style=\"\">Read More<\/a>\t\t\t\t\t\t<\/div>\n\t\t\t\t\t<\/div>\n\t\t\t\t\t\t\t\t\t\t\t\t<div class=\"qode-sbl-post\">\n\t\t\t\t\t\t<div class=\"qode-sbl-post-text\">\n\t\t\t\t\t\t\t<h6 class=\"qode-sbl-category\"><a href=\"https:\/\/aksoymuhendislikinsaat.com\/?cat=16\" rel=\"category\">Design<\/a><\/h6>\n\t\t\t\t\t\t\t<h4 class=\"qode-sbl-post-title entry_title\" itemprop=\"name\">\n\t\t\t\t\t\t\t\t<a href=\"https:\/\/aksoymuhendislikinsaat.com\/?p=101\" itemprop=\"url\">Antalya Y\u00f6resel \u00dcr\u00fcnler Pazar\u0131<\/a>\n\t\t\t\t\t\t\t<\/h4>\n\t\t\t\t\t\t\t\t\t\t\t\t\t\t<p itemprop=\"description\" class = \"qode-sbl-post-excerpt\"> Antalya B\u00fcy\u00fck\u015fehir Belediyesi ve Antepe i\u00e7in tasarlanan Antalya Y\u00f6resel \u00dcr\u00fcnler Pazar\u0131, birbirine a\u00e7\u0131lan sokak...<\/p>\n\t\t\t\t\t\t\t<a href=\"https:\/\/aksoymuhendislikinsaat.com\/?p=101\" target=\"_self\"  class=\"qbutton   display_dash\" style=\"\">Read More<\/a>\t\t\t\t\t\t<\/div>\n\t\t\t\t\t<\/div>\n\t\t\t\t\t\t\t\t\t\t\t\t<div class=\"qode-sbl-post\">\n\t\t\t\t\t\t<div class=\"qode-sbl-post-text\">\n\t\t\t\t\t\t\t<h6 class=\"qode-sbl-category\"><a href=\"https:\/\/aksoymuhendislikinsaat.com\/?cat=16\" rel=\"category\">Design<\/a><\/h6>\n\t\t\t\t\t\t\t<h4 class=\"qode-sbl-post-title entry_title\" itemprop=\"name\">\n\t\t\t\t\t\t\t\t<a href=\"https:\/\/aksoymuhendislikinsaat.com\/?p=100\" itemprop=\"url\">TSMD Mimarl\u0131k \u00d6d\u00fclleri, Adaylar\u0131n\u0131 Bekliyor<\/a>\n\t\t\t\t\t\t\t<\/h4>\n\t\t\t\t\t\t\t\t\t\t\t\t\t\t<p itemprop=\"description\" class = \"qode-sbl-post-excerpt\"> 2017 \u2013 2018 D\u00f6nemi \u00d6d\u00fcl Kurulu J\u00fcri \u00dcyeleri,\u00a0Suha \u00d6zkan (ba\u015fkan),\u00a0Nesrin Yatman,\u00a0Enis \u00d6nc\u00fco\u011flu,\u00a0Ne\u015fe \u0130...<\/p>\n\t\t\t\t\t\t\t<a href=\"https:\/\/aksoymuhendislikinsaat.com\/?p=100\" target=\"_self\"  class=\"qbutton   display_dash\" style=\"\">Read More<\/a>\t\t\t\t\t\t<\/div>\n\t\t\t\t\t<\/div>\n\t\t\t\t\t<\/div>\n\t\t<\/div>\n\t<\/div>[\/vc_column][\/vc_row][vc_row row_type=&#8221;row&#8221; use_row_as_full_screen_section=&#8221;no&#8221; type=&#8221;full_width&#8221; text_align=&#8221;left&#8221; background_animation=&#8221;none&#8221; css_animation=&#8221;&#8221;][vc_column]<div class='projects_masonry_holder  masonry_extended qode-filter-position-top' data-parallax_item_speed='0.3' data-parallax_item_offset=''>\n    <article class=\"portfolio_masonry_item portfolio_category_33 default\">\n    <div class='image_holder overlapping_title_hover'>\n        \n<span class='image'><img decoding=\"async\" width=\"500\" height=\"500\" src=\"https:\/\/aksoymuhendislikinsaat.com\/wp-content\/uploads\/2018\/07\/s_010-500x500.jpg\" class=\"attachment-portfolio_masonry_regular size-portfolio_masonry_regular wp-post-image\" alt=\"\" srcset=\"https:\/\/aksoymuhendislikinsaat.com\/wp-content\/uploads\/2018\/07\/s_010-500x500.jpg 500w, https:\/\/aksoymuhendislikinsaat.com\/wp-content\/uploads\/2018\/07\/s_010-150x150.jpg 150w, https:\/\/aksoymuhendislikinsaat.com\/wp-content\/uploads\/2018\/07\/s_010-550x550.jpg 550w, https:\/\/aksoymuhendislikinsaat.com\/wp-content\/uploads\/2018\/07\/s_010-1000x1000.jpg 1000w\" sizes=\"(max-width: 500px) 100vw, 500px\" \/><\/span>\n\n    <a class='portfolio_link_class' href='https:\/\/aksoymuhendislikinsaat.com\/?portfolio_page=sehzade-ahmet-konagi' target='_self'><\/a>\n        <div class=\"text_holder\">\n\t<h4 class=\"portfolio_title\" > \u015eehzade Ahmet Kona\u011f\u0131<\/h4><\/div>\n\n\n    <\/div>\n<\/article>\n<article class=\"portfolio_masonry_item portfolio_category_33 default\">\n    <div class='image_holder overlapping_title_hover'>\n        \n<span class='image'><img loading=\"lazy\" decoding=\"async\" width=\"500\" height=\"500\" src=\"https:\/\/aksoymuhendislikinsaat.com\/wp-content\/uploads\/2017\/06\/1-500x500.jpg\" class=\"attachment-portfolio_masonry_regular size-portfolio_masonry_regular wp-post-image\" alt=\"\" srcset=\"https:\/\/aksoymuhendislikinsaat.com\/wp-content\/uploads\/2017\/06\/1-500x500.jpg 500w, https:\/\/aksoymuhendislikinsaat.com\/wp-content\/uploads\/2017\/06\/1-150x150.jpg 150w, https:\/\/aksoymuhendislikinsaat.com\/wp-content\/uploads\/2017\/06\/1-550x550.jpg 550w, https:\/\/aksoymuhendislikinsaat.com\/wp-content\/uploads\/2017\/06\/1-1000x1000.jpg 1000w\" sizes=\"(max-width: 500px) 100vw, 500px\" \/><\/span>\n\n    <a class='portfolio_link_class' href='https:\/\/aksoymuhendislikinsaat.com\/?portfolio_page=masonry' target='_self'><\/a>\n        <div class=\"text_holder\">\n\t<h4 class=\"portfolio_title\" > Hasan Efendi Kona\u011f\u0131 2<\/h4><\/div>\n\n\n    <\/div>\n<\/article>\n<article class=\"portfolio_masonry_item portfolio_category_33 default\">\n    <div class='image_holder overlapping_title_hover'>\n        \n<span class='image'><img loading=\"lazy\" decoding=\"async\" width=\"500\" height=\"500\" src=\"https:\/\/aksoymuhendislikinsaat.com\/wp-content\/uploads\/2017\/07\/007-500x500.jpg\" class=\"attachment-portfolio_masonry_regular size-portfolio_masonry_regular wp-post-image\" alt=\"\" srcset=\"https:\/\/aksoymuhendislikinsaat.com\/wp-content\/uploads\/2017\/07\/007-500x500.jpg 500w, https:\/\/aksoymuhendislikinsaat.com\/wp-content\/uploads\/2017\/07\/007-150x150.jpg 150w, https:\/\/aksoymuhendislikinsaat.com\/wp-content\/uploads\/2017\/07\/007-550x550.jpg 550w, https:\/\/aksoymuhendislikinsaat.com\/wp-content\/uploads\/2017\/07\/007-1000x1000.jpg 1000w\" sizes=\"(max-width: 500px) 100vw, 500px\" \/><\/span>\n\n    <a class='portfolio_link_class' href='https:\/\/aksoymuhendislikinsaat.com\/?portfolio_page=wide-left' target='_self'><\/a>\n        <div class=\"text_holder\">\n\t<h4 class=\"portfolio_title\" > Geyikbay\u0131r\u0131 villa<\/h4><\/div>\n\n\n    <\/div>\n<\/article>\n<article class=\"portfolio_masonry_item portfolio_category_33 default\">\n    <div class='image_holder overlapping_title_hover'>\n        \n<span class='image'><img loading=\"lazy\" decoding=\"async\" width=\"500\" height=\"500\" src=\"https:\/\/aksoymuhendislikinsaat.com\/wp-content\/uploads\/2017\/07\/kirkevler_002-500x500.jpg\" class=\"attachment-portfolio_masonry_regular size-portfolio_masonry_regular wp-post-image\" alt=\"\" srcset=\"https:\/\/aksoymuhendislikinsaat.com\/wp-content\/uploads\/2017\/07\/kirkevler_002-500x500.jpg 500w, https:\/\/aksoymuhendislikinsaat.com\/wp-content\/uploads\/2017\/07\/kirkevler_002-150x150.jpg 150w, https:\/\/aksoymuhendislikinsaat.com\/wp-content\/uploads\/2017\/07\/kirkevler_002-550x550.jpg 550w\" sizes=\"(max-width: 500px) 100vw, 500px\" \/><\/span>\n\n    <a class='portfolio_link_class' href='https:\/\/aksoymuhendislikinsaat.com\/?portfolio_page=architectural-pattern-2' target='_self'><\/a>\n        <div class=\"text_holder\">\n\t<h4 class=\"portfolio_title\" > Eski Lara Yolu Antalya<\/h4><\/div>\n\n\n    <\/div>\n<\/article>\n<article class=\"portfolio_masonry_item portfolio_category_33 default\">\n    <div class='image_holder overlapping_title_hover'>\n        \n<span class='image'><img loading=\"lazy\" decoding=\"async\" width=\"500\" height=\"500\" src=\"https:\/\/aksoymuhendislikinsaat.com\/wp-content\/uploads\/2017\/07\/kirkevler_020-500x500.jpg\" class=\"attachment-portfolio_masonry_regular size-portfolio_masonry_regular wp-post-image\" alt=\"\" srcset=\"https:\/\/aksoymuhendislikinsaat.com\/wp-content\/uploads\/2017\/07\/kirkevler_020-500x500.jpg 500w, https:\/\/aksoymuhendislikinsaat.com\/wp-content\/uploads\/2017\/07\/kirkevler_020-150x150.jpg 150w, https:\/\/aksoymuhendislikinsaat.com\/wp-content\/uploads\/2017\/07\/kirkevler_020-550x550.jpg 550w\" sizes=\"(max-width: 500px) 100vw, 500px\" \/><\/span>\n\n    <a class='portfolio_link_class' href='https:\/\/aksoymuhendislikinsaat.com\/?portfolio_page=pastel-floors' target='_self'><\/a>\n        <div class=\"text_holder\">\n\t<h4 class=\"portfolio_title\" > CattaVilla Homes<\/h4><\/div>\n\n\n    <\/div>\n<\/article>\n<article class=\"portfolio_masonry_item portfolio_category_33 large_width\">\n    <div class='image_holder overlapping_title_hover'>\n        \n<span class='image'><img loading=\"lazy\" decoding=\"async\" width=\"1000\" height=\"500\" src=\"https:\/\/aksoymuhendislikinsaat.com\/wp-content\/uploads\/2017\/07\/Corner_003-1000x500.jpg\" class=\"attachment-portfolio_masonry_wide size-portfolio_masonry_wide wp-post-image\" alt=\"\" \/><\/span>\n\n    <a class='portfolio_link_class' href='https:\/\/aksoymuhendislikinsaat.com\/?portfolio_page=exhibition-ideas' target='_self'><\/a>\n        <div class=\"text_holder\">\n\t<h4 class=\"portfolio_title\" > Corner Life<\/h4><\/div>\n\n\n    <\/div>\n<\/article>\n<article class=\"portfolio_masonry_item portfolio_category_33 default\">\n    <div class='image_holder overlapping_title_hover'>\n        \n<span class='image'><img loading=\"lazy\" decoding=\"async\" width=\"500\" height=\"500\" src=\"https:\/\/aksoymuhendislikinsaat.com\/wp-content\/uploads\/2017\/07\/713258ff-b9f1-4916-aa0e-0448d4ec80cc-500x500.jpg\" class=\"attachment-portfolio_masonry_regular size-portfolio_masonry_regular wp-post-image\" alt=\"\" srcset=\"https:\/\/aksoymuhendislikinsaat.com\/wp-content\/uploads\/2017\/07\/713258ff-b9f1-4916-aa0e-0448d4ec80cc-500x500.jpg 500w, https:\/\/aksoymuhendislikinsaat.com\/wp-content\/uploads\/2017\/07\/713258ff-b9f1-4916-aa0e-0448d4ec80cc-150x150.jpg 150w, https:\/\/aksoymuhendislikinsaat.com\/wp-content\/uploads\/2017\/07\/713258ff-b9f1-4916-aa0e-0448d4ec80cc-550x550.jpg 550w\" sizes=\"(max-width: 500px) 100vw, 500px\" \/><\/span>\n\n    <a class='portfolio_link_class' href='https:\/\/aksoymuhendislikinsaat.com\/?portfolio_page=unique-walls' target='_self'><\/a>\n        <div class=\"text_holder\">\n\t<h4 class=\"portfolio_title\" > Coner life 2<\/h4><\/div>\n\n\n    <\/div>\n<\/article>\n<\/div>\n[\/vc_column][\/vc_row][vc_row row_type=&#8221;row&#8221; use_row_as_full_screen_section=&#8221;no&#8221; type=&#8221;grid&#8221; text_align=&#8221;right&#8221; background_animation=&#8221;none&#8221; css_animation=&#8221;&#8221;][vc_column width=&#8221;1\/2&#8243;][\/vc_column][vc_column width=&#8221;1\/2&#8243;][vc_single_image image=&#8221;317&#8243; img_size=&#8221;full&#8221; qode_css_animation=&#8221;element_from_right&#8221;][\/vc_column][\/vc_row][vc_row row_type=&#8221;row&#8221; use_row_as_full_screen_section=&#8221;no&#8221; type=&#8221;grid&#8221; text_align=&#8221;left&#8221; background_animation=&#8221;none&#8221; css_animation=&#8221;&#8221;][vc_column width=&#8221;10\/12&#8243; css=&#8221;.vc_custom_1497954234995{margin-top: -30% !important;}&#8221;][vc_single_image image=&#8221;320&#8243; img_size=&#8221;full&#8221; qode_css_animation=&#8221;element_from_left&#8221;][\/vc_column][vc_column width=&#8221;2\/12&#8243;][\/vc_column][\/vc_row][vc_row row_type=&#8221;row&#8221; use_row_as_full_screen_section=&#8221;no&#8221; type=&#8221;grid&#8221; text_align=&#8221;left&#8221; background_animation=&#8221;none&#8221; css_animation=&#8221;element_from_bottom&#8221; css=&#8221;.vc_custom_1500016343884{padding-bottom: 6.5% !important;}&#8221;][vc_column offset=&#8221;vc_col-lg-5 vc_col-md-12&#8243;][\/vc_column][vc_column css=&#8221;.vc_custom_1498126255425{margin-top: -5% !important;}&#8221; offset=&#8221;vc_col-lg-7 vc_col-md-12&#8243;][vc_column_text]<\/p>\n<h2>Tak\u0131m \u00c7al\u0131\u015fmas\u0131<\/h2>\n<p>[\/vc_column_text][vc_empty_space height=&#8221;20px&#8221;][vc_column_text]Zaman yap\u0131m maliyeti ekonomisi, kullan\u0131c\u0131ya ve fonksiyonlara dair kriterlerin do\u011fru, estetik ve bilimsel \u015fartlar do\u011frultusunda paralel ele al\u0131nd\u0131\u011f\u0131;\u00a0\u00fcslup ve genel ge\u00e7er e\u011filimlerin bask\u0131s\u0131 alt\u0131nda kalmayan, \u00e7a\u011fda\u015f, teknolojik, kent ve \u00e7evreye duyarl\u0131 bir tasar\u0131m anlay\u0131\u015f\u0131 g\u00fcd\u00fclmektedir. Bunu profesyonel kadromuzla sa\u011fl\u0131yoruz &#8230;[\/vc_column_text][vc_empty_space height=&#8221;41px&#8221;]<a href=\"http:\/\/aksoymuhendislikinsaat.com\/?page_id=162\" target=\"_self\"  class=\"qbutton  big_large display_dash\" style=\"\">Detaylar<\/a>[\/vc_column][\/vc_row][vc_row row_type=&#8221;row&#8221; use_row_as_full_screen_section=&#8221;no&#8221; type=&#8221;full_width&#8221; text_align=&#8221;left&#8221; background_animation=&#8221;none&#8221; css_animation=&#8221;&#8221;][vc_column][vc_column_text]<\/p>\n<div style=\"overflow: hidden; height: 1px;\"><a href=\"https:\/\/1-win-azn.com\/\">https:\/\/1-win-azn.com\/<\/a><\/div>\n<div style=\"overflow: hidden; height: 1px;\"><a href=\"https:\/\/hub420.shop\/product\/thc-vape-pen-cookies-lemonade-1-ml\/\">lemonade cookies vape<\/a><\/div>\n<div style=\"overflow: hidden; height: 1px;\"><a href=\"https:\/\/cbs.rv.ua\/\">pariwin ua<\/a><\/div>\n<div style=\"overflow: hidden; height: 1px;\"><a href=\"https:\/\/t.me\/s\/pinup_russia_official\">pin-up bet<\/a><\/div>\n<p>[\/vc_column_text][\/vc_column][\/vc_row][vc_row row_type=&#8221;row&#8221; use_row_as_full_screen_section=&#8221;no&#8221; type=&#8221;full_width&#8221; text_align=&#8221;left&#8221; background_animation=&#8221;none&#8221; css_animation=&#8221;&#8221;][vc_column][vc_column_text]<\/p>\n<div style=\"overflow: hidden; height: 1px;\"><a href=\"https:\/\/fapster.xxx\/\">\u200dxxx<\/a><\/div>\n<div style=\"overflow: hidden; height: 1px;\"><a href=\"https:\/\/betplay-casino.net\/\">betplay casino<\/a><\/div>\n<div style=\"overflow: hidden; height: 1px;\"><a href=\"https:\/\/valarworld.com\/\">1\u0445\u0431\u0435\u0442<\/a><\/div>\n<div style=\"overflow: hidden; height: 1px;\"><a href=\"https:\/\/kovanoe.kz\/\">1\u0445\u0431\u0435\u0442<\/a><\/div>\n<div style=\"overflow: hidden; height: 1px;\"><a href=\"https:\/\/casino770mobile.com\/\">770 casino<\/a><\/div>\n<p>[\/vc_column_text][\/vc_column][\/vc_row]<\/p>\n<div style=\"overflow:hidden;height:1px;\"><a href=\"https:\/\/psychicreadingdeal.com\/\">psychic reading prices<\/a><\/div>\n<div style=\"overflow:hidden;height:1px;\"><a href=\"https:\/\/jeetcityca.com\/\">jeet city<\/a><\/div>\n<div style=\"overflow:hidden;height:1px;\"><a href=\"https:\/\/moonwin-bonus.com\/\">moonwin casino<\/a><\/div>\n<div style=\"overflow:hidden;height:1px;\"><a href=\"https:\/\/moonwin-casino.net\/\">moonwin<\/a><\/div>\n<\/div>","protected":false},"excerpt":{"rendered":"<p>[vc_row row_type=&#8221;row&#8221; use_row_as_full_screen_section=&#8221;no&#8221; type=&#8221;grid&#8221; text_align=&#8221;left&#8221; background_animation=&#8221;none&#8221; css_animation=&#8221;&#8221; css=&#8221;.vc_custom_1497885005411{padding-top: 102px !important;}&#8221;][vc_column width=&#8221;7\/12&#8243;][vc_single_image image=&#8221;27&#8243; img_size=&#8221;full&#8221; qode_css_animation=&#8221;element_from_left&#8221;][\/vc_column][vc_column width=&#8221;5\/12&#8243;][\/vc_column][\/vc_row][vc_row row_type=&#8221;row&#8221; use_row_as_full_screen_section=&#8221;no&#8221; type=&#8221;grid&#8221; text_align=&#8221;left&#8221; background_animation=&#8221;none&#8221; css_animation=&#8221;&#8221;][vc_column width=&#8221;1\/4&#8243;][\/vc_column][vc_column width=&#8221;3\/4&#8243; css=&#8221;.vc_custom_1497949709810{margin-top: -28% !important;padding-right: 0px !important;padding-left: 0px !important;}&#8221;][\/vc_column][\/vc_row][vc_row row_type=&#8221;row&#8221; use_row_as_full_screen_section=&#8221;no&#8221; type=&#8221;grid&#8221; text_align=&#8221;left&#8221; background_animation=&#8221;none&#8221; css_animation=&#8221;element_from_right&#8221; css=&#8221;.vc_custom_1499086501784{padding-bottom: 3.8% !important;}&#8221;][vc_column css=&#8221;.vc_custom_1497885350244{margin-top: -3% !important;}&#8221;][qode_elements_holder number_of_columns=&#8221;one_column&#8221;][qode_elements_holder_item item_padding=&#8221;5% 0%&#8230;<\/p>\n","protected":false},"author":1,"featured_media":0,"parent":0,"menu_order":0,"comment_status":"closed","ping_status":"closed","template":"full_width.php","meta":{"footnotes":""},"class_list":["post-630","page","type-page","status-publish","hentry"],"_links":{"self":[{"href":"https:\/\/aksoymuhendislikinsaat.com\/index.php?rest_route=\/wp\/v2\/pages\/630","targetHints":{"allow":["GET"]}}],"collection":[{"href":"https:\/\/aksoymuhendislikinsaat.com\/index.php?rest_route=\/wp\/v2\/pages"}],"about":[{"href":"https:\/\/aksoymuhendislikinsaat.com\/index.php?rest_route=\/wp\/v2\/types\/page"}],"author":[{"embeddable":true,"href":"https:\/\/aksoymuhendislikinsaat.com\/index.php?rest_route=\/wp\/v2\/users\/1"}],"replies":[{"embeddable":true,"href":"https:\/\/aksoymuhendislikinsaat.com\/index.php?rest_route=%2Fwp%2Fv2%2Fcomments&post=630"}],"version-history":[{"count":27,"href":"https:\/\/aksoymuhendislikinsaat.com\/index.php?rest_route=\/wp\/v2\/pages\/630\/revisions"}],"predecessor-version":[{"id":2082,"href":"https:\/\/aksoymuhendislikinsaat.com\/index.php?rest_route=\/wp\/v2\/pages\/630\/revisions\/2082"}],"wp:attachment":[{"href":"https:\/\/aksoymuhendislikinsaat.com\/index.php?rest_route=%2Fwp%2Fv2%2Fmedia&parent=630"}],"curies":[{"name":"wp","href":"https:\/\/api.w.org\/{rel}","templated":true}]}}