{"id":745,"date":"2018-05-24T11:12:18","date_gmt":"2018-05-24T08:12:18","guid":{"rendered":"http:\/\/aksoymuhendislikinsaat.com\/?page_id=745"},"modified":"2022-08-15T11:26:26","modified_gmt":"2022-08-15T08:26:26","slug":"aksoy","status":"publish","type":"page","link":"https:\/\/aksoymuhendislikinsaat.com\/?page_id=745","title":{"rendered":"Aksoy M\u00fchendislik"},"content":{"rendered":"<div class=\"wpb-content-wrapper\"><p>[vc_row row_type=&#8221;row&#8221; use_row_as_full_screen_section=&#8221;no&#8221; type=&#8221;full_width&#8221; text_align=&#8221;left&#8221; background_animation=&#8221;none&#8221; css_animation=&#8221;&#8221;][vc_column width=&#8221;1\/3&#8243;][vc_column_text]<\/p>\n<p style=\"text-align: center;\">Mimarsinan \u00dcniversitesi<br \/>\n<strong>Mimar Aksanur Aksoy<\/strong><\/p>\n<p>[\/vc_column_text][\/vc_column][vc_column width=&#8221;1\/3&#8243;][vc_column_text]<\/p>\n<p style=\"text-align: center;\">\u0130n\u015faat M\u00fchendisi<br \/>\n<strong>Reyhan Aksoy<\/strong><\/p>\n<p>[\/vc_column_text][\/vc_column][vc_column width=&#8221;1\/3&#8243;][vc_column_text]<\/p>\n<p style=\"text-align: center;\">Harita Y\u00fck. M\u00fchendisi<br \/>\nGayrimenkul De\u011ferleme Uzman\u0131(SPK)<br \/>\n<strong>Sel\u00e7uk Aksoy<\/strong><\/p>\n<p>[\/vc_column_text][\/vc_column][\/vc_row][vc_row row_type=&#8221;row&#8221; use_row_as_full_screen_section=&#8221;no&#8221; type=&#8221;grid&#8221; text_align=&#8221;left&#8221; background_animation=&#8221;none&#8221; padding_top=&#8221;19&#8243; padding_bottom=&#8221;9&#8243; css_animation=&#8221;&#8221;][vc_column width=&#8221;1\/3&#8243;][vc_single_image image=&#8221;696&#8243; img_size=&#8221;full&#8221; qode_css_animation=&#8221;&#8221;][vc_separator type=&#8221;transparent&#8221; border_style=&#8221;&#8221; up=&#8221;34&#8243; down=&#8221;0&#8243;][vc_column_text]<\/p>\n<h5 style=\"text-align: center;\">Aksoy M\u00fchendislik<\/h5>\n<p>[\/vc_column_text][vc_separator type=&#8221;transparent&#8221; border_style=&#8221;&#8221; up=&#8221;34&#8243; down=&#8221;0&#8243;][vc_column_text]<\/p>\n<p style=\"text-align: center;\">\u0130\u015fbirli\u011fi, bizim i\u00e7in yol g\u00f6sterici bir g\u00fc\u00e7t\u00fcr. \u00c7\u00fcnk\u00fc iyi sonu\u00e7lara ula\u015fmak i\u00e7in m\u00fc\u015fterilerimizle s\u00fcrekli devam eden bir diyalog kurulmas\u0131 gerekti\u011fine inanmaktay\u0131z. M\u00fc\u015fterilerimizi, \u00e7al\u0131\u015fma arkada\u015f\u0131 olarak g\u00f6r\u00fcyor, birlikte her projeye benzersiz bir meydan okuma ile yakla\u015f\u0131yoruz.<\/p>\n<p>[\/vc_column_text][vc_separator type=&#8221;transparent&#8221; border_style=&#8221;&#8221; up=&#8221;73&#8243; down=&#8221;0&#8243;][\/vc_column][vc_column width=&#8221;1\/3&#8243;][vc_single_image image=&#8221;698&#8243; img_size=&#8221;full&#8221; qode_css_animation=&#8221;&#8221;][vc_separator type=&#8221;transparent&#8221; border_style=&#8221;&#8221; up=&#8221;34&#8243; down=&#8221;0&#8243;][vc_column_text]<\/p>\n<h5 style=\"text-align: center;\">Misyonumuz<\/h5>\n<p>[\/vc_column_text][vc_separator type=&#8221;transparent&#8221; border_style=&#8221;&#8221; up=&#8221;34&#8243; down=&#8221;0&#8243;][vc_column_text]<\/p>\n<p style=\"text-align: center;\">Misyonumuz, d\u00fcr\u00fcst, g\u00fcvenilir, geli\u015fen teknolojiye uyumlu, standartlar\u0131ndan taviz vermean\u0131t mimarl\u0131k misyonyen y\u00f6netim ve hizmet anlay\u0131\u015f\u0131yla bir marka olarak sekt\u00f6rdeki hedeflerimizi s\u00fcrekli y\u00fckseltmektir.<\/p>\n<p style=\"text-align: center;\">\u0130n\u015faat\u00e7\u0131l\u0131\u011f\u0131n temelini olu\u015fturan organizasyon, bilgi ak\u0131\u015f\u0131, s\u00fcrat ve g\u00fcvenlik, An\u0131t Mimarl\u0131\u011f\u0131n esas ald\u0131\u011f\u0131 temel kavramlard\u0131r.<\/p>\n<p style=\"text-align: center;\">Hedefimiz sekt\u00f6r\u00fcnde en \u00fcstte yer alarak bir marka olmakt\u0131r.<\/p>\n<p>[\/vc_column_text][vc_separator type=&#8221;transparent&#8221; border_style=&#8221;&#8221; up=&#8221;73&#8243; down=&#8221;0&#8243;][\/vc_column][vc_column width=&#8221;1\/3&#8243;][vc_single_image image=&#8221;697&#8243; img_size=&#8221;full&#8221; qode_css_animation=&#8221;&#8221;][vc_separator type=&#8221;transparent&#8221; border_style=&#8221;&#8221; up=&#8221;34&#8243; down=&#8221;0&#8243;][vc_column_text]<\/p>\n<h5 style=\"text-align: center;\">Vizyonumuz &amp; Misyonumuz<\/h5>\n<p>[\/vc_column_text][vc_separator type=&#8221;transparent&#8221; border_style=&#8221;&#8221; up=&#8221;34&#8243; down=&#8221;0&#8243;][vc_column_text]<\/p>\n<p style=\"text-align: center;\">Vizyonumuz, S\u0131n\u0131rlar\u0131n kalkt\u0131\u011f\u0131, rekabet\u00e7i piyasan\u0131n tek ekonomik belirleyici oldu\u011fu g\u00fcn\u00fcm\u00fczde hizmet kalitesini, hizmet s\u00fcreklili\u011fini, donan\u0131m\u0131n\u0131 ve yat\u0131r\u0131mlar\u0131n\u0131 ve bilgi-i\u015flem teknolojisini s\u00fcrekli yenileyerek bir &#8220;d\u00fcnya \u015firketi&#8221; olmakt\u0131r.<\/p>\n<p style=\"text-align: center;\">Payda\u015flar\u0131n\u0131n memnuniyetini \u00f6n planda tutarak , m\u00fc\u015fteri sadakatini kazanmak, varolan m\u00fc\u015fteri ili\u015fkilerinin kal\u0131c\u0131 olabilmesi i\u00e7in verdi\u011fimiz s\u00f6zlerin tam anlam\u0131yla eksiksiz yerine getirilmesine ve m\u00fc\u015fterinin ilk tercihi olmaya \u00e7al\u0131\u015fmakt\u0131r.<\/p>\n<p>[\/vc_column_text][vc_separator type=&#8221;transparent&#8221; border_style=&#8221;&#8221; up=&#8221;73&#8243; down=&#8221;0&#8243;][\/vc_column][\/vc_row][vc_row row_type=&#8221;row&#8221; use_row_as_full_screen_section=&#8221;no&#8221; type=&#8221;grid&#8221; text_align=&#8221;left&#8221; background_animation=&#8221;none&#8221; css_animation=&#8221;&#8221;][vc_column][vc_separator type=&#8221;normal&#8221; color=&#8221;#dddddd&#8221; border_style=&#8221;&#8221; thickness=&#8221;1&#8243;][\/vc_column][\/vc_row][vc_row row_type=&#8221;row&#8221; use_row_as_full_screen_section=&#8221;no&#8221; type=&#8221;grid&#8221; text_align=&#8221;center&#8221; background_animation=&#8221;none&#8221; padding_top=&#8221;74&#8243; padding_bottom=&#8221;55&#8243; css_animation=&#8221;&#8221;][vc_column width=&#8221;1\/2&#8243;][vc_column_text]<\/p>\n<h3 style=\"text-align: center;\">Hedeflerimiz<\/h3>\n<p>[\/vc_column_text][vc_separator type=&#8221;transparent&#8221; border_style=&#8221;&#8221; up=&#8221;40&#8243; down=&#8221;0&#8243;][vc_column_text]<\/p>\n<div>Kaliteden taviz vermeden optimal maliyetlere ula\u015fmak,<\/div>\n<div>\u00dcretim a\u015famalar\u0131nda hatay\u0131 \u00f6nemek,<\/div>\n<div>\u00dcretim a\u015famalar\u0131nda teknolojik geli\u015fmelerden faydalanmak,<\/div>\n<div>E\u011fitim faaliyetleri ile kadromuzun kalite ve i\u015f sa\u011fl\u0131\u011f\u0131, i\u015f g\u00fcvenli\u011fi konusunda s\u00fcrekli kendini iyile\u015ftirmesini sa\u011flamak, bu k\u00fclt\u00fcr bilincini olu\u015fturmak.<\/div>\n<div>Kurumsalla\u015fan yap\u0131m\u0131z i\u00e7inde gerekli ko\u015fullar\u0131 sa\u011flayarak Toplam Kalite Y\u00f6netimini olu\u015fturmak ve uygulamak..<\/div>\n<p>[\/vc_column_text][vc_separator type=&#8221;transparent&#8221; border_style=&#8221;&#8221; up=&#8221;44&#8243; down=&#8221;0&#8243;][\/vc_column][vc_column width=&#8221;1\/2&#8243;]<div class=\"qode-interactive-image \">\n\t\t<div class=\"qode-ii-image-holder\">\n\t\t<img decoding=\"async\" src=\"https:\/\/aksoymuhendislikinsaat.com\/wp-content\/uploads\/2017\/06\/port-slider-full-img-1.jpg\" alt=\"Aksoy Mimarl\u0131k\" \/>\n\t<\/div>\n\t\t<div class=\"qode-ii-info-holder\">\n        <div class=\"qode-ii-info-holder-inner\">\n\t\t\t<h2 class=\"qode-ii-title\">\n\t\t\t\tAksoy Mimarl\u0131k\t\t\t<\/h2>\n\t\t\t\t\t\t\t<p class = \"qode-ii-text\"> Kentsel D\u00f6n\u00fc\u015f\u00fcm &amp; \u0130n\u015faat<\/p>\n\t\t\t\t\t\t\t    <\/div>\n\t<\/div>\n<\/div>[\/vc_column][\/vc_row][vc_row row_type=&#8221;row&#8221; use_row_as_full_screen_section=&#8221;no&#8221; type=&#8221;grid&#8221; text_align=&#8221;left&#8221; background_animation=&#8221;none&#8221; css_animation=&#8221;&#8221;][vc_column][vc_separator type=&#8221;normal&#8221; color=&#8221;#dddddd&#8221; border_style=&#8221;&#8221; thickness=&#8221;1&#8243;][\/vc_column][\/vc_row]<\/p>\n<\/div>","protected":false},"excerpt":{"rendered":"<p>[vc_row row_type=&#8221;row&#8221; use_row_as_full_screen_section=&#8221;no&#8221; type=&#8221;full_width&#8221; text_align=&#8221;left&#8221; background_animation=&#8221;none&#8221; css_animation=&#8221;&#8221;][vc_column width=&#8221;1\/3&#8243;][vc_column_text] Mimarsinan \u00dcniversitesi Mimar Aksanur Aksoy [\/vc_column_text][\/vc_column][vc_column width=&#8221;1\/3&#8243;][vc_column_text] \u0130n\u015faat M\u00fchendisi Reyhan Aksoy [\/vc_column_text][\/vc_column][vc_column width=&#8221;1\/3&#8243;][vc_column_text] Harita Y\u00fck. M\u00fchendisi Gayrimenkul De\u011ferleme Uzman\u0131(SPK) Sel\u00e7uk Aksoy [\/vc_column_text][\/vc_column][\/vc_row][vc_row row_type=&#8221;row&#8221; use_row_as_full_screen_section=&#8221;no&#8221; type=&#8221;grid&#8221; text_align=&#8221;left&#8221; background_animation=&#8221;none&#8221; padding_top=&#8221;19&#8243; padding_bottom=&#8221;9&#8243; css_animation=&#8221;&#8221;][vc_column width=&#8221;1\/3&#8243;][vc_single_image image=&#8221;696&#8243; img_size=&#8221;full&#8221; qode_css_animation=&#8221;&#8221;][vc_separator type=&#8221;transparent&#8221; border_style=&#8221;&#8221; up=&#8221;34&#8243;&#8230;<\/p>\n","protected":false},"author":1,"featured_media":0,"parent":0,"menu_order":0,"comment_status":"closed","ping_status":"closed","template":"full_width.php","meta":{"footnotes":""},"class_list":["post-745","page","type-page","status-publish","hentry"],"_links":{"self":[{"href":"https:\/\/aksoymuhendislikinsaat.com\/index.php?rest_route=\/wp\/v2\/pages\/745","targetHints":{"allow":["GET"]}}],"collection":[{"href":"https:\/\/aksoymuhendislikinsaat.com\/index.php?rest_route=\/wp\/v2\/pages"}],"about":[{"href":"https:\/\/aksoymuhendislikinsaat.com\/index.php?rest_route=\/wp\/v2\/types\/page"}],"author":[{"embeddable":true,"href":"https:\/\/aksoymuhendislikinsaat.com\/index.php?rest_route=\/wp\/v2\/users\/1"}],"replies":[{"embeddable":true,"href":"https:\/\/aksoymuhendislikinsaat.com\/index.php?rest_route=%2Fwp%2Fv2%2Fcomments&post=745"}],"version-history":[{"count":40,"href":"https:\/\/aksoymuhendislikinsaat.com\/index.php?rest_route=\/wp\/v2\/pages\/745\/revisions"}],"predecessor-version":[{"id":1098,"href":"https:\/\/aksoymuhendislikinsaat.com\/index.php?rest_route=\/wp\/v2\/pages\/745\/revisions\/1098"}],"wp:attachment":[{"href":"https:\/\/aksoymuhendislikinsaat.com\/index.php?rest_route=%2Fwp%2Fv2%2Fmedia&parent=745"}],"curies":[{"name":"wp","href":"https:\/\/api.w.org\/{rel}","templated":true}]}}